{"id":701,"date":"2018-09-26T08:48:22","date_gmt":"2018-09-26T06:48:22","guid":{"rendered":"http:\/\/dorotka.info\/index.php\/about-us\/"},"modified":"2021-03-07T14:38:30","modified_gmt":"2021-03-07T13:38:30","slug":"galeria","status":"publish","type":"page","link":"https:\/\/www.dorotka.info\/index.php\/galeria\/","title":{"rendered":"Galeria naszych wyrob\u00f3w"},"content":{"rendered":"\t\t<div data-elementor-type=\"wp-post\" data-elementor-id=\"701\" class=\"elementor elementor-701\" data-elementor-settings=\"[]\">\n\t\t\t\t\t\t\t<div class=\"elementor-section-wrap\">\n\t\t\t\t\t\t\t<section class=\"elementor-section elementor-top-section elementor-element elementor-element-5dc3a60 elementor-section-boxed elementor-section-height-default elementor-section-height-default\" data-id=\"5dc3a60\" data-element_type=\"section\" data-settings=\"{&quot;background_background&quot;:&quot;classic&quot;}\">\n\t\t\t\t\t\t\t<div class=\"elementor-background-overlay\"><\/div>\n\t\t\t\t\t\t\t<div class=\"elementor-container elementor-column-gap-default\">\n\t\t\t\t\t<div class=\"elementor-column elementor-col-100 elementor-top-column elementor-element elementor-element-5dc1ca0\" data-id=\"5dc1ca0\" data-element_type=\"column\">\n\t\t\t<div class=\"elementor-widget-wrap elementor-element-populated\">\n\t\t\t\t\t\t\t\t<div class=\"elementor-element elementor-element-be56547 elementor-widget elementor-widget-heading\" data-id=\"be56547\" data-element_type=\"widget\" data-widget_type=\"heading.default\">\n\t\t\t\t<div class=\"elementor-widget-container\">\n\t\t\t<h1 class=\"elementor-heading-title elementor-size-default\">Galeria naszych wyrob\u00f3w<\/h1>\t\t<\/div>\n\t\t\t\t<\/div>\n\t\t\t\t<div class=\"elementor-element elementor-element-b4d4c51 elementor-widget elementor-widget-image\" data-id=\"b4d4c51\" data-element_type=\"widget\" data-widget_type=\"image.default\">\n\t\t\t\t<div class=\"elementor-widget-container\">\n\t\t\t\t\t<div class=\"elementor-image\">\n\t\t\t\t\t\t\t\t\t\t<img loading=\"lazy\" decoding=\"async\" width=\"250\" height=\"27\" src=\"https:\/\/www.dorotka.info\/wp-content\/uploads\/2021\/03\/frill-free-img.png\" class=\"attachment-large size-large\" alt=\"\" \/>\t\t\t\t\t\t\t\t\t\t\t<\/div>\n\t\t\t\t<\/div>\n\t\t\t\t<\/div>\n\t\t\t\t\t<\/div>\n\t\t<\/div>\n\t\t\t\t\t\t\t<\/div>\n\t\t<\/section>\n\t\t\t\t<section class=\"elementor-section elementor-top-section elementor-element elementor-element-35341c4 elementor-section-boxed elementor-section-height-default elementor-section-height-default\" data-id=\"35341c4\" data-element_type=\"section\">\n\t\t\t\t\t\t<div class=\"elementor-container elementor-column-gap-default\">\n\t\t\t\t\t<div class=\"elementor-column elementor-col-100 elementor-top-column elementor-element elementor-element-ab5397a\" data-id=\"ab5397a\" data-element_type=\"column\">\n\t\t\t<div class=\"elementor-widget-wrap elementor-element-populated\">\n\t\t\t\t\t\t\t\t<div class=\"elementor-element elementor-element-ded1928 elementor-widget elementor-widget-image\" data-id=\"ded1928\" data-element_type=\"widget\" data-widget_type=\"image.default\">\n\t\t\t\t<div class=\"elementor-widget-container\">\n\t\t\t\t\t<div class=\"elementor-image\">\n\t\t\t\t\t\t\t\t\t\t<img loading=\"lazy\" decoding=\"async\" width=\"108\" height=\"68\" src=\"https:\/\/www.dorotka.info\/wp-content\/uploads\/2021\/03\/leaf-free-img.png\" class=\"attachment-full size-full\" alt=\"\" srcset=\"https:\/\/www.dorotka.info\/wp-content\/uploads\/2021\/03\/leaf-free-img.png 108w, https:\/\/www.dorotka.info\/wp-content\/uploads\/2021\/03\/leaf-free-img-768x483.png 768w\" sizes=\"auto, (max-width: 108px) 100vw, 108px\" \/>\t\t\t\t\t\t\t\t\t\t\t<\/div>\n\t\t\t\t<\/div>\n\t\t\t\t<\/div>\n\t\t\t\t<div class=\"elementor-element elementor-element-3782ba8 elementor-view-default elementor-vertical-align-top elementor-widget elementor-widget-icon-box\" data-id=\"3782ba8\" data-element_type=\"widget\" data-widget_type=\"icon-box.default\">\n\t\t\t\t<div class=\"elementor-widget-container\">\n\t\t\t\t\t<div class=\"elementor-icon-box-wrapper\">\n\t\t\t\t\t\t<div class=\"elementor-icon-box-content\">\n\t\t\t\t<h2 class=\"elementor-icon-box-title\">\n\t\t\t\t\t<span >Nasza firma posiada trzy pokoleniow\u0105 tradycj\u0119 w produkcji ciastek kruchych i piernik\u00f3w. Oryginalna receptura - Naturalne Produkty - Bezpieczne - Niepowtarzalny Smak<\/span>\n\t\t\t\t<\/h2>\n\t\t\t\t\t\t\t<\/div>\n\t\t<\/div>\n\t\t\t\t<\/div>\n\t\t\t\t<\/div>\n\t\t\t\t<div class=\"elementor-element elementor-element-46085ba elementor-widget elementor-widget-image-gallery\" data-id=\"46085ba\" data-element_type=\"widget\" data-widget_type=\"image-gallery.default\">\n\t\t\t\t<div class=\"elementor-widget-container\">\n\t\t\t\t\t<div class=\"elementor-image-gallery\">\n\t\t\t<div id='gallery-1' class='gallery galleryid-701 gallery-columns-2 gallery-size-full'><figure class='gallery-item'>\n\t\t\t<div class='gallery-icon landscape'>\n\t\t\t\t<a data-elementor-open-lightbox=\"yes\" data-elementor-lightbox-slideshow=\"46085ba\" data-elementor-lightbox-title=\"CPG1501-large\" href='https:\/\/www.dorotka.info\/wp-content\/uploads\/2021\/03\/CPG1501-large.jpg'><img loading=\"lazy\" decoding=\"async\" width=\"917\" height=\"611\" src=\"https:\/\/www.dorotka.info\/wp-content\/uploads\/2021\/03\/CPG1501-large.jpg\" class=\"attachment-full size-full\" alt=\"\" srcset=\"https:\/\/www.dorotka.info\/wp-content\/uploads\/2021\/03\/CPG1501-large.jpg 917w, https:\/\/www.dorotka.info\/wp-content\/uploads\/2021\/03\/CPG1501-large-300x200.jpg 300w, https:\/\/www.dorotka.info\/wp-content\/uploads\/2021\/03\/CPG1501-large-768x512.jpg 768w\" sizes=\"auto, (max-width: 917px) 100vw, 917px\" \/><\/a>\n\t\t\t<\/div><\/figure><figure class='gallery-item'>\n\t\t\t<div class='gallery-icon landscape'>\n\t\t\t\t<a data-elementor-open-lightbox=\"yes\" data-elementor-lightbox-slideshow=\"46085ba\" data-elementor-lightbox-title=\"CPG1504-large\" href='https:\/\/www.dorotka.info\/wp-content\/uploads\/2021\/03\/CPG1504-large.jpg'><img loading=\"lazy\" decoding=\"async\" width=\"917\" height=\"611\" src=\"https:\/\/www.dorotka.info\/wp-content\/uploads\/2021\/03\/CPG1504-large.jpg\" class=\"attachment-full size-full\" alt=\"\" srcset=\"https:\/\/www.dorotka.info\/wp-content\/uploads\/2021\/03\/CPG1504-large.jpg 917w, https:\/\/www.dorotka.info\/wp-content\/uploads\/2021\/03\/CPG1504-large-300x200.jpg 300w, https:\/\/www.dorotka.info\/wp-content\/uploads\/2021\/03\/CPG1504-large-768x512.jpg 768w\" sizes=\"auto, (max-width: 917px) 100vw, 917px\" \/><\/a>\n\t\t\t<\/div><\/figure><figure class='gallery-item'>\n\t\t\t<div class='gallery-icon landscape'>\n\t\t\t\t<a data-elementor-open-lightbox=\"yes\" data-elementor-lightbox-slideshow=\"46085ba\" data-elementor-lightbox-title=\"CPG1505-large\" href='https:\/\/www.dorotka.info\/wp-content\/uploads\/2021\/03\/CPG1505-large.jpg'><img loading=\"lazy\" decoding=\"async\" width=\"917\" height=\"611\" src=\"https:\/\/www.dorotka.info\/wp-content\/uploads\/2021\/03\/CPG1505-large.jpg\" class=\"attachment-full size-full\" alt=\"\" srcset=\"https:\/\/www.dorotka.info\/wp-content\/uploads\/2021\/03\/CPG1505-large.jpg 917w, https:\/\/www.dorotka.info\/wp-content\/uploads\/2021\/03\/CPG1505-large-300x200.jpg 300w, https:\/\/www.dorotka.info\/wp-content\/uploads\/2021\/03\/CPG1505-large-768x512.jpg 768w\" sizes=\"auto, (max-width: 917px) 100vw, 917px\" \/><\/a>\n\t\t\t<\/div><\/figure><figure class='gallery-item'>\n\t\t\t<div class='gallery-icon landscape'>\n\t\t\t\t<a data-elementor-open-lightbox=\"yes\" data-elementor-lightbox-slideshow=\"46085ba\" data-elementor-lightbox-title=\"galeria2-large\" href='https:\/\/www.dorotka.info\/wp-content\/uploads\/2021\/03\/galeria2-large.jpg'><img loading=\"lazy\" decoding=\"async\" width=\"1800\" height=\"1121\" src=\"https:\/\/www.dorotka.info\/wp-content\/uploads\/2021\/03\/galeria2-large.jpg\" class=\"attachment-full size-full\" alt=\"\" srcset=\"https:\/\/www.dorotka.info\/wp-content\/uploads\/2021\/03\/galeria2-large.jpg 1800w, https:\/\/www.dorotka.info\/wp-content\/uploads\/2021\/03\/galeria2-large-300x187.jpg 300w, https:\/\/www.dorotka.info\/wp-content\/uploads\/2021\/03\/galeria2-large-1024x638.jpg 1024w, https:\/\/www.dorotka.info\/wp-content\/uploads\/2021\/03\/galeria2-large-768x478.jpg 768w, https:\/\/www.dorotka.info\/wp-content\/uploads\/2021\/03\/galeria2-large-1536x957.jpg 1536w\" sizes=\"auto, (max-width: 1800px) 100vw, 1800px\" \/><\/a>\n\t\t\t<\/div><\/figure><figure class='gallery-item'>\n\t\t\t<div class='gallery-icon landscape'>\n\t\t\t\t<a data-elementor-open-lightbox=\"yes\" data-elementor-lightbox-slideshow=\"46085ba\" data-elementor-lightbox-title=\"galeria4-large\" href='https:\/\/www.dorotka.info\/wp-content\/uploads\/2021\/03\/galeria4-large.jpg'><img loading=\"lazy\" decoding=\"async\" width=\"2069\" height=\"1493\" src=\"https:\/\/www.dorotka.info\/wp-content\/uploads\/2021\/03\/galeria4-large.jpg\" class=\"attachment-full size-full\" alt=\"\" srcset=\"https:\/\/www.dorotka.info\/wp-content\/uploads\/2021\/03\/galeria4-large.jpg 2069w, https:\/\/www.dorotka.info\/wp-content\/uploads\/2021\/03\/galeria4-large-300x216.jpg 300w, https:\/\/www.dorotka.info\/wp-content\/uploads\/2021\/03\/galeria4-large-1024x739.jpg 1024w, https:\/\/www.dorotka.info\/wp-content\/uploads\/2021\/03\/galeria4-large-768x554.jpg 768w, https:\/\/www.dorotka.info\/wp-content\/uploads\/2021\/03\/galeria4-large-1536x1108.jpg 1536w, https:\/\/www.dorotka.info\/wp-content\/uploads\/2021\/03\/galeria4-large-2048x1478.jpg 2048w\" sizes=\"auto, (max-width: 2069px) 100vw, 2069px\" \/><\/a>\n\t\t\t<\/div><\/figure><figure class='gallery-item'>\n\t\t\t<div class='gallery-icon landscape'>\n\t\t\t\t<a data-elementor-open-lightbox=\"yes\" data-elementor-lightbox-slideshow=\"46085ba\" data-elementor-lightbox-title=\"galeria5-large\" href='https:\/\/www.dorotka.info\/wp-content\/uploads\/2021\/03\/galeria5-large.jpg'><img loading=\"lazy\" decoding=\"async\" width=\"1902\" height=\"1397\" src=\"https:\/\/www.dorotka.info\/wp-content\/uploads\/2021\/03\/galeria5-large.jpg\" class=\"attachment-full size-full\" alt=\"\" srcset=\"https:\/\/www.dorotka.info\/wp-content\/uploads\/2021\/03\/galeria5-large.jpg 1902w, https:\/\/www.dorotka.info\/wp-content\/uploads\/2021\/03\/galeria5-large-300x220.jpg 300w, https:\/\/www.dorotka.info\/wp-content\/uploads\/2021\/03\/galeria5-large-1024x752.jpg 1024w, https:\/\/www.dorotka.info\/wp-content\/uploads\/2021\/03\/galeria5-large-768x564.jpg 768w, https:\/\/www.dorotka.info\/wp-content\/uploads\/2021\/03\/galeria5-large-1536x1128.jpg 1536w\" sizes=\"auto, (max-width: 1902px) 100vw, 1902px\" \/><\/a>\n\t\t\t<\/div><\/figure><figure class='gallery-item'>\n\t\t\t<div class='gallery-icon landscape'>\n\t\t\t\t<a data-elementor-open-lightbox=\"yes\" data-elementor-lightbox-slideshow=\"46085ba\" data-elementor-lightbox-title=\"galeria6-large\" href='https:\/\/www.dorotka.info\/wp-content\/uploads\/2021\/03\/galeria6-large.jpg'><img loading=\"lazy\" decoding=\"async\" width=\"1920\" height=\"1280\" src=\"https:\/\/www.dorotka.info\/wp-content\/uploads\/2021\/03\/galeria6-large.jpg\" class=\"attachment-full size-full\" alt=\"\" srcset=\"https:\/\/www.dorotka.info\/wp-content\/uploads\/2021\/03\/galeria6-large.jpg 1920w, https:\/\/www.dorotka.info\/wp-content\/uploads\/2021\/03\/galeria6-large-300x200.jpg 300w, https:\/\/www.dorotka.info\/wp-content\/uploads\/2021\/03\/galeria6-large-1024x683.jpg 1024w, https:\/\/www.dorotka.info\/wp-content\/uploads\/2021\/03\/galeria6-large-768x512.jpg 768w, https:\/\/www.dorotka.info\/wp-content\/uploads\/2021\/03\/galeria6-large-1536x1024.jpg 1536w\" sizes=\"auto, (max-width: 1920px) 100vw, 1920px\" \/><\/a>\n\t\t\t<\/div><\/figure><figure class='gallery-item'>\n\t\t\t<div class='gallery-icon landscape'>\n\t\t\t\t<a data-elementor-open-lightbox=\"yes\" data-elementor-lightbox-slideshow=\"46085ba\" data-elementor-lightbox-title=\"galeria7-large\" href='https:\/\/www.dorotka.info\/wp-content\/uploads\/2021\/03\/galeria7-large.jpg'><img loading=\"lazy\" decoding=\"async\" width=\"1920\" height=\"1348\" src=\"https:\/\/www.dorotka.info\/wp-content\/uploads\/2021\/03\/galeria7-large.jpg\" class=\"attachment-full size-full\" alt=\"\" srcset=\"https:\/\/www.dorotka.info\/wp-content\/uploads\/2021\/03\/galeria7-large.jpg 1920w, https:\/\/www.dorotka.info\/wp-content\/uploads\/2021\/03\/galeria7-large-300x211.jpg 300w, https:\/\/www.dorotka.info\/wp-content\/uploads\/2021\/03\/galeria7-large-1024x719.jpg 1024w, https:\/\/www.dorotka.info\/wp-content\/uploads\/2021\/03\/galeria7-large-768x539.jpg 768w, https:\/\/www.dorotka.info\/wp-content\/uploads\/2021\/03\/galeria7-large-1536x1078.jpg 1536w\" sizes=\"auto, (max-width: 1920px) 100vw, 1920px\" \/><\/a>\n\t\t\t<\/div><\/figure><figure class='gallery-item'>\n\t\t\t<div class='gallery-icon landscape'>\n\t\t\t\t<a data-elementor-open-lightbox=\"yes\" data-elementor-lightbox-slideshow=\"46085ba\" data-elementor-lightbox-title=\"galeria8-large\" href='https:\/\/www.dorotka.info\/wp-content\/uploads\/2021\/03\/galeria8-large.jpg'><img loading=\"lazy\" decoding=\"async\" width=\"1326\" height=\"1138\" src=\"https:\/\/www.dorotka.info\/wp-content\/uploads\/2021\/03\/galeria8-large.jpg\" class=\"attachment-full size-full\" alt=\"\" srcset=\"https:\/\/www.dorotka.info\/wp-content\/uploads\/2021\/03\/galeria8-large.jpg 1326w, https:\/\/www.dorotka.info\/wp-content\/uploads\/2021\/03\/galeria8-large-300x257.jpg 300w, https:\/\/www.dorotka.info\/wp-content\/uploads\/2021\/03\/galeria8-large-1024x879.jpg 1024w, https:\/\/www.dorotka.info\/wp-content\/uploads\/2021\/03\/galeria8-large-768x659.jpg 768w\" sizes=\"auto, (max-width: 1326px) 100vw, 1326px\" \/><\/a>\n\t\t\t<\/div><\/figure><figure class='gallery-item'>\n\t\t\t<div class='gallery-icon portrait'>\n\t\t\t\t<a data-elementor-open-lightbox=\"yes\" data-elementor-lightbox-slideshow=\"46085ba\" data-elementor-lightbox-title=\"galeria9-large\" href='https:\/\/www.dorotka.info\/wp-content\/uploads\/2021\/03\/galeria9-large.jpg'><img loading=\"lazy\" decoding=\"async\" width=\"768\" height=\"852\" src=\"https:\/\/www.dorotka.info\/wp-content\/uploads\/2021\/03\/galeria9-large.jpg\" class=\"attachment-full size-full\" alt=\"\" srcset=\"https:\/\/www.dorotka.info\/wp-content\/uploads\/2021\/03\/galeria9-large.jpg 768w, https:\/\/www.dorotka.info\/wp-content\/uploads\/2021\/03\/galeria9-large-270x300.jpg 270w\" sizes=\"auto, (max-width: 768px) 100vw, 768px\" \/><\/a>\n\t\t\t<\/div><\/figure><figure class='gallery-item'>\n\t\t\t<div class='gallery-icon landscape'>\n\t\t\t\t<a data-elementor-open-lightbox=\"yes\" data-elementor-lightbox-slideshow=\"46085ba\" data-elementor-lightbox-title=\"galeria1-large\" href='https:\/\/www.dorotka.info\/wp-content\/uploads\/2021\/03\/galeria1-large.jpg'><img loading=\"lazy\" decoding=\"async\" width=\"1200\" height=\"1109\" src=\"https:\/\/www.dorotka.info\/wp-content\/uploads\/2021\/03\/galeria1-large.jpg\" class=\"attachment-full size-full\" alt=\"\" srcset=\"https:\/\/www.dorotka.info\/wp-content\/uploads\/2021\/03\/galeria1-large.jpg 1200w, https:\/\/www.dorotka.info\/wp-content\/uploads\/2021\/03\/galeria1-large-300x277.jpg 300w, https:\/\/www.dorotka.info\/wp-content\/uploads\/2021\/03\/galeria1-large-1024x946.jpg 1024w, https:\/\/www.dorotka.info\/wp-content\/uploads\/2021\/03\/galeria1-large-768x710.jpg 768w\" sizes=\"auto, (max-width: 1200px) 100vw, 1200px\" \/><\/a>\n\t\t\t<\/div><\/figure><figure class='gallery-item'>\n\t\t\t<div class='gallery-icon landscape'>\n\t\t\t\t<a data-elementor-open-lightbox=\"yes\" data-elementor-lightbox-slideshow=\"46085ba\" data-elementor-lightbox-title=\"dav\" href='https:\/\/www.dorotka.info\/wp-content\/uploads\/2021\/03\/galeria12-large.jpg'><img loading=\"lazy\" decoding=\"async\" width=\"1200\" height=\"900\" src=\"https:\/\/www.dorotka.info\/wp-content\/uploads\/2021\/03\/galeria12-large.jpg\" class=\"attachment-full size-full\" alt=\"\" srcset=\"https:\/\/www.dorotka.info\/wp-content\/uploads\/2021\/03\/galeria12-large.jpg 1200w, https:\/\/www.dorotka.info\/wp-content\/uploads\/2021\/03\/galeria12-large-300x225.jpg 300w, https:\/\/www.dorotka.info\/wp-content\/uploads\/2021\/03\/galeria12-large-1024x768.jpg 1024w, https:\/\/www.dorotka.info\/wp-content\/uploads\/2021\/03\/galeria12-large-768x576.jpg 768w\" sizes=\"auto, (max-width: 1200px) 100vw, 1200px\" \/><\/a>\n\t\t\t<\/div><\/figure><figure class='gallery-item'>\n\t\t\t<div class='gallery-icon landscape'>\n\t\t\t\t<a data-elementor-open-lightbox=\"yes\" data-elementor-lightbox-slideshow=\"46085ba\" data-elementor-lightbox-title=\"dav\" href='https:\/\/www.dorotka.info\/wp-content\/uploads\/2021\/03\/galeria13-large.jpg'><img loading=\"lazy\" decoding=\"async\" width=\"1200\" height=\"900\" src=\"https:\/\/www.dorotka.info\/wp-content\/uploads\/2021\/03\/galeria13-large.jpg\" class=\"attachment-full size-full\" alt=\"\" srcset=\"https:\/\/www.dorotka.info\/wp-content\/uploads\/2021\/03\/galeria13-large.jpg 1200w, https:\/\/www.dorotka.info\/wp-content\/uploads\/2021\/03\/galeria13-large-300x225.jpg 300w, https:\/\/www.dorotka.info\/wp-content\/uploads\/2021\/03\/galeria13-large-1024x768.jpg 1024w, https:\/\/www.dorotka.info\/wp-content\/uploads\/2021\/03\/galeria13-large-768x576.jpg 768w\" sizes=\"auto, (max-width: 1200px) 100vw, 1200px\" \/><\/a>\n\t\t\t<\/div><\/figure><figure class='gallery-item'>\n\t\t\t<div class='gallery-icon landscape'>\n\t\t\t\t<a data-elementor-open-lightbox=\"yes\" data-elementor-lightbox-slideshow=\"46085ba\" data-elementor-lightbox-title=\"dav\" href='https:\/\/www.dorotka.info\/wp-content\/uploads\/2021\/03\/galeria14-large.jpg'><img loading=\"lazy\" decoding=\"async\" width=\"1200\" height=\"900\" src=\"https:\/\/www.dorotka.info\/wp-content\/uploads\/2021\/03\/galeria14-large.jpg\" class=\"attachment-full size-full\" alt=\"\" srcset=\"https:\/\/www.dorotka.info\/wp-content\/uploads\/2021\/03\/galeria14-large.jpg 1200w, https:\/\/www.dorotka.info\/wp-content\/uploads\/2021\/03\/galeria14-large-300x225.jpg 300w, https:\/\/www.dorotka.info\/wp-content\/uploads\/2021\/03\/galeria14-large-1024x768.jpg 1024w, https:\/\/www.dorotka.info\/wp-content\/uploads\/2021\/03\/galeria14-large-768x576.jpg 768w\" sizes=\"auto, (max-width: 1200px) 100vw, 1200px\" \/><\/a>\n\t\t\t<\/div><\/figure><figure class='gallery-item'>\n\t\t\t<div class='gallery-icon landscape'>\n\t\t\t\t<a data-elementor-open-lightbox=\"yes\" data-elementor-lightbox-slideshow=\"46085ba\" data-elementor-lightbox-title=\"galeria-large\" href='https:\/\/www.dorotka.info\/wp-content\/uploads\/2021\/03\/galeria-large.jpg'><img loading=\"lazy\" decoding=\"async\" width=\"1002\" height=\"530\" src=\"https:\/\/www.dorotka.info\/wp-content\/uploads\/2021\/03\/galeria-large.jpg\" class=\"attachment-full size-full\" alt=\"\" srcset=\"https:\/\/www.dorotka.info\/wp-content\/uploads\/2021\/03\/galeria-large.jpg 1002w, https:\/\/www.dorotka.info\/wp-content\/uploads\/2021\/03\/galeria-large-300x159.jpg 300w, https:\/\/www.dorotka.info\/wp-content\/uploads\/2021\/03\/galeria-large-768x406.jpg 768w\" sizes=\"auto, (max-width: 1002px) 100vw, 1002px\" \/><\/a>\n\t\t\t<\/div><\/figure>\n\t\t<\/div>\n\t\t<\/div>\n\t\t\t\t<\/div>\n\t\t\t\t<\/div>\n\t\t\t\t\t<\/div>\n\t\t<\/div>\n\t\t\t\t\t\t\t<\/div>\n\t\t<\/section>\n\t\t\t\t\t\t<\/div>\n\t\t\t\t\t<\/div>\n\t\t","protected":false},"excerpt":{"rendered":"<p>Galeria naszych wyrob\u00f3w Nasza firma posiada trzy pokoleniow\u0105 tradycj\u0119 w produkcji ciastek kruchych i piernik\u00f3w. Oryginalna receptura &#8211; Naturalne Produkty &#8211; Bezpieczne &#8211; Niepowtarzalny Smak<\/p>\n","protected":false},"author":1,"featured_media":0,"parent":0,"menu_order":0,"comment_status":"closed","ping_status":"closed","template":"","meta":{"footnotes":""},"class_list":["post-701","page","type-page","status-publish","hentry"],"_links":{"self":[{"href":"https:\/\/www.dorotka.info\/index.php\/wp-json\/wp\/v2\/pages\/701","targetHints":{"allow":["GET"]}}],"collection":[{"href":"https:\/\/www.dorotka.info\/index.php\/wp-json\/wp\/v2\/pages"}],"about":[{"href":"https:\/\/www.dorotka.info\/index.php\/wp-json\/wp\/v2\/types\/page"}],"author":[{"embeddable":true,"href":"https:\/\/www.dorotka.info\/index.php\/wp-json\/wp\/v2\/users\/1"}],"replies":[{"embeddable":true,"href":"https:\/\/www.dorotka.info\/index.php\/wp-json\/wp\/v2\/comments?post=701"}],"version-history":[{"count":4,"href":"https:\/\/www.dorotka.info\/index.php\/wp-json\/wp\/v2\/pages\/701\/revisions"}],"predecessor-version":[{"id":865,"href":"https:\/\/www.dorotka.info\/index.php\/wp-json\/wp\/v2\/pages\/701\/revisions\/865"}],"wp:attachment":[{"href":"https:\/\/www.dorotka.info\/index.php\/wp-json\/wp\/v2\/media?parent=701"}],"curies":[{"name":"wp","href":"https:\/\/api.w.org\/{rel}","templated":true}]}}